{"id":13,"date":"2025-12-06T14:32:40","date_gmt":"2025-12-06T14:32:40","guid":{"rendered":"http:\/\/editions-hyperion.fr\/?page_id=13"},"modified":"2026-04-01T10:27:20","modified_gmt":"2026-04-01T09:27:20","slug":"commander","status":"publish","type":"page","link":"https:\/\/editions-hyperion.fr\/index.php\/commander\/","title":{"rendered":"\u2666 Commander \u2666"},"content":{"rendered":"\n<p>Pour commander, rien de plus simple. T\u00e9l\u00e9chargez le bon de commande ci-dessous.<\/p>\n\n\n\n<p>D\u00e8s r\u00e9ception du bon de commande rempli et accompagn\u00e9 du r\u00e9glement par ch\u00e8que ou par virement bancaire, vous recevrez sous quelques jours <strong>un ou plusieurs liens<\/strong> vous permettant de t\u00e9l\u00e9charger vos fichiers (certains fichiers peuvent \u00eatre volumineux et ces fichiers sont compress\u00e9s au format zip) ainsi que la facture.<\/p>\n\n\n\n<hr class=\"wp-block-separator has-alpha-channel-opacity\"\/>\n\n\n\n<p><mark style=\"background-color:rgba(0, 0, 0, 0)\" class=\"has-inline-color has-vivid-red-color\">Les fichiers command\u00e9s sont livr\u00e9s au format PDF et sont <strong>librement duplicables, imprimables, pour un usage illimit\u00e9 dans votre classe<\/strong>.<\/mark><\/p>\n\n\n\n<hr class=\"wp-block-separator has-alpha-channel-opacity\"\/>\n\n\n\n<div class=\"wp-block-media-text is-stacked-on-mobile\" style=\"grid-template-columns:15% auto\"><figure class=\"wp-block-media-text__media\"><img loading=\"lazy\" decoding=\"async\" width=\"1024\" height=\"1024\" src=\"https:\/\/editions-hyperion.fr\/wp-content\/uploads\/2025\/12\/pdf-1024x1024.png\" alt=\"\" class=\"wp-image-210 size-full\" srcset=\"https:\/\/editions-hyperion.fr\/wp-content\/uploads\/2025\/12\/pdf-1024x1024.png 1024w, https:\/\/editions-hyperion.fr\/wp-content\/uploads\/2025\/12\/pdf-300x300.png 300w, https:\/\/editions-hyperion.fr\/wp-content\/uploads\/2025\/12\/pdf-150x150.png 150w, https:\/\/editions-hyperion.fr\/wp-content\/uploads\/2025\/12\/pdf-768x768.png 768w, https:\/\/editions-hyperion.fr\/wp-content\/uploads\/2025\/12\/pdf-1536x1536.png 1536w, https:\/\/editions-hyperion.fr\/wp-content\/uploads\/2025\/12\/pdf.png 1920w\" sizes=\"auto, (max-width: 1024px) 100vw, 1024px\" \/><\/figure><div class=\"wp-block-media-text__content\">\n<p><strong><a href=\"https:\/\/editions-hyperion.fr\/wp-content\/uploads\/2026\/03\/Bon_de_commande.pdf\" target=\"_blank\" rel=\"noreferrer noopener\">T\u00e9l\u00e9charger le bon de commande<\/a><\/strong><\/p>\n<\/div><\/div>\n\n\n\n<p>Vous trouverez ci-dessous un rappel de nos tarifs :<\/p>\n\n\n\n<h2 class=\"wp-block-heading\">Fran\u00e7ais<\/h2>\n\n\n\n<figure class=\"wp-block-table is-style-regular\"><table class=\"has-fixed-layout\"><tbody><tr><td class=\"has-text-align-left\" data-align=\"left\">Grammaire myst\u00e8re : 45,00 \u20ac<\/td><\/tr><tr><td class=\"has-text-align-left\" data-align=\"left\">Enqu\u00eates mot \u00e0 mot &#8211; P1 : 20,00 \u20ac<br>Enqu\u00eates mot \u00e0 mot : 35,00 \u20ac<br><strong><mark style=\"background-color:rgba(0, 0, 0, 0)\" class=\"has-inline-color has-vivid-purple-color\">L&rsquo;ensemble des 2 fichiers ci-dessus : 50,00 \u20ac<\/mark><\/strong><\/td><\/tr><tr><td class=\"has-text-align-left\" data-align=\"left\">Les OrthoGramms : 35,00 \u20ac<\/td><\/tr><\/tbody><\/table><\/figure>\n\n\n\n<h2 class=\"wp-block-heading\">Math\u00e9matiques<\/h2>\n\n\n\n<figure class=\"wp-block-table\"><table class=\"has-fixed-layout\"><tbody><tr><td>24 doubles grilles de dimension 3\u00d73 : 12,00 \u20ac<br> 60 grilles additives de dimension 4\u00d74 : 25,00 \u20ac<br> 50 grilles additives \u00ab\u00a0\u00e0 trous\u00a0\u00bb de dimension 4\u00d74 : 25,00 \u20ac<br><strong><mark style=\"background-color:rgba(0, 0, 0, 0)\" class=\"has-inline-color has-vivid-purple-color\">L&rsquo;ensemble des 3 fichiers grilles additives ci-dessus : 50,00\u20ac<\/mark><\/strong><\/td><\/tr><tr><td>Exercices de calcul mental : 30,00 \u20ac<\/td><\/tr><tr><td>Carr\u00e9s magiques : 45,00 \u20ac<\/td><\/tr><tr><td>Rituels de num\u00e9ration : 25,00 \u20ac<\/td><\/tr><tr><td>Pyramides additives : 20,00 \u20ac<\/td><\/tr><tr><td>Minifiches de grandeurs et mesures : 20,00 \u20ac<\/td><\/tr><\/tbody><\/table><\/figure>\n\n\n\n<h2 class=\"wp-block-heading\">Lecture &#8211; \u00e9criture<\/h2>\n\n\n\n<figure class=\"wp-block-table\"><table class=\"has-fixed-layout\"><tbody><tr><td>Fichier de lecture : 30,00 \u20ac<\/td><\/tr><tr><td>Fichier d&rsquo;\u00e9criture : 13,00 \u20ac (pour les 2 versions droitier &amp; gaucher) <\/td><\/tr><\/tbody><\/table><\/figure>\n\n\n\n<p><\/p>\n","protected":false},"excerpt":{"rendered":"<p>Pour commander, rien de plus simple. T\u00e9l\u00e9chargez le bon de commande ci-dessous. D\u00e8s r\u00e9ception du bon de commande rempli et accompagn\u00e9 du r\u00e9glement par ch\u00e8que ou par virement bancaire, vous recevrez sous quelques jours un ou plusieurs liens vous permettant de t\u00e9l\u00e9charger vos fichiers (certains fichiers peuvent \u00eatre volumineux et ces fichiers sont compress\u00e9s au [&hellip;]<\/p>\n","protected":false},"author":1,"featured_media":0,"parent":0,"menu_order":0,"comment_status":"closed","ping_status":"closed","template":"","meta":{"footnotes":""},"class_list":["post-13","page","type-page","status-publish","hentry"],"_links":{"self":[{"href":"https:\/\/editions-hyperion.fr\/index.php\/wp-json\/wp\/v2\/pages\/13","targetHints":{"allow":["GET"]}}],"collection":[{"href":"https:\/\/editions-hyperion.fr\/index.php\/wp-json\/wp\/v2\/pages"}],"about":[{"href":"https:\/\/editions-hyperion.fr\/index.php\/wp-json\/wp\/v2\/types\/page"}],"author":[{"embeddable":true,"href":"https:\/\/editions-hyperion.fr\/index.php\/wp-json\/wp\/v2\/users\/1"}],"replies":[{"embeddable":true,"href":"https:\/\/editions-hyperion.fr\/index.php\/wp-json\/wp\/v2\/comments?post=13"}],"version-history":[{"count":49,"href":"https:\/\/editions-hyperion.fr\/index.php\/wp-json\/wp\/v2\/pages\/13\/revisions"}],"predecessor-version":[{"id":656,"href":"https:\/\/editions-hyperion.fr\/index.php\/wp-json\/wp\/v2\/pages\/13\/revisions\/656"}],"wp:attachment":[{"href":"https:\/\/editions-hyperion.fr\/index.php\/wp-json\/wp\/v2\/media?parent=13"}],"curies":[{"name":"wp","href":"https:\/\/api.w.org\/{rel}","templated":true}]}}