{"id":2,"date":"2025-12-06T10:54:28","date_gmt":"2025-12-06T10:54:28","guid":{"rendered":"http:\/\/editions-hyperion.fr\/?page_id=2"},"modified":"2026-03-26T19:08:08","modified_gmt":"2026-03-26T18:08:08","slug":"sample-page","status":"publish","type":"page","link":"https:\/\/editions-hyperion.fr\/index.php\/sample-page\/","title":{"rendered":"Bonus \u2666"},"content":{"rendered":"\n<p>Quelques petits documents pour celles et ceux qui seront arriv\u00e9s jusqu&rsquo;ici.<\/p>\n\n\n\n<p>C&rsquo;est <strong><mark style=\"background-color:rgba(0, 0, 0, 0)\" class=\"has-inline-color has-vivid-purple-color\">gratuit<\/mark><\/strong>, c&rsquo;est pour vous, si \u00e7a vous plait, il y a un lien \u00ab\u00a0Commande\u00a0\u00bb pas tr\u00e8s loin de l\u00e0 o\u00f9 vous avez cliqu\u00e9 si vous en voulez plus&#8230;<\/p>\n\n\n\n<hr class=\"wp-block-separator has-alpha-channel-opacity\"\/>\n\n\n\n<p class=\"has-text-align-center\"><strong><mark style=\"background-color:rgba(0, 0, 0, 0)\" class=\"has-inline-color has-vivid-red-color\">Quelques exemples de nos diff\u00e9rents fichiers \u00e0 t\u00e9l\u00e9charger pour essayer  en classe &#8212;<\/mark><\/strong><\/p>\n\n\n\n<p class=\"has-text-align-center\"><img loading=\"lazy\" decoding=\"async\" width=\"30\" height=\"35\" class=\"wp-image-638\" style=\"width: 30px;\" src=\"https:\/\/editions-hyperion.fr\/wp-content\/uploads\/2026\/03\/image-1.png\" alt=\"\"> <a href=\"https:\/\/editions-hyperion.fr\/wp-content\/uploads\/2026\/03\/extraits.pdf\">Cliquez ici pour t\u00e9l\u00e9charger<\/a><\/p>\n\n\n\n<hr class=\"wp-block-separator has-alpha-channel-opacity\"\/>\n\n\n\n<p>Le <strong><mark style=\"background-color:rgba(0, 0, 0, 0)\" class=\"has-inline-color has-vivid-red-color\">conjugator<\/mark><\/strong> : pour conjuguer encore et toujours jusqu&rsquo;\u00e0 l&rsquo;\u00e9puisement (ou la maitrise totale) !<\/p>\n\n\n\n<p>Vous indiquez le temps de conjugaison, vous choisissez les verbes, les personnes de conjugaison et c&rsquo;est parti (mat\u00e9riel pour 7 \u00e9l\u00e8ves sur une page).<\/p>\n\n\n\n<p class=\"has-text-align-center\"><img loading=\"lazy\" decoding=\"async\" width=\"30\" height=\"35\" class=\"wp-image-638\" style=\"width: 30px;\" src=\"https:\/\/editions-hyperion.fr\/wp-content\/uploads\/2026\/03\/image-1.png\" alt=\"\"> <a href=\"https:\/\/editions-hyperion.fr\/wp-content\/uploads\/2026\/02\/conjugator_offert.pdf\">Cliquez ici pour t\u00e9l\u00e9charger<\/a><\/p>\n\n\n\n<hr class=\"wp-block-separator has-alpha-channel-opacity\"\/>\n\n\n\n<p>Les <strong><mark style=\"background-color:rgba(0, 0, 0, 0)\" class=\"has-inline-color has-vivid-red-color\">rituels de grandeurs et mesures<\/mark><\/strong> (longueurs, masses et contenances). Des exercices \u00e0 remplir pour adapter la difficult\u00e9, utilisables avec des nombres d\u00e9cimaux (ou pas). Toujours plusieurs exemplaires par page.<\/p>\n\n\n\n<div data-wp-interactive=\"core\/file\" class=\"wp-block-file\"><object data-wp-bind--hidden=\"!state.hasPdfPreview\" hidden class=\"wp-block-file__embed\" data=\"https:\/\/editions-hyperion.fr\/wp-content\/uploads\/2026\/03\/Rituel_mesures_A_COMPLETER.pdf\" type=\"application\/pdf\" style=\"width:100%;height:600px\" aria-label=\"Contenu embarqu\u00e9 Rituel_mesures_A_COMPLETER.\"><\/object><a id=\"wp-block-file--media-8b47699c-b80b-40bf-ab37-dd4734b7d093\" href=\"https:\/\/editions-hyperion.fr\/wp-content\/uploads\/2026\/03\/Rituel_mesures_A_COMPLETER.pdf\">Rituel_mesures_A_COMPLETER<\/a><a href=\"https:\/\/editions-hyperion.fr\/wp-content\/uploads\/2026\/03\/Rituel_mesures_A_COMPLETER.pdf\" class=\"wp-block-file__button wp-element-button\" download aria-describedby=\"wp-block-file--media-8b47699c-b80b-40bf-ab37-dd4734b7d093\">T\u00e9l\u00e9charger<\/a><\/div>\n\n\n\n<hr class=\"wp-block-separator has-alpha-channel-opacity\"\/>\n\n\n\n<p><\/p>\n","protected":false},"excerpt":{"rendered":"<p>Quelques petits documents pour celles et ceux qui seront arriv\u00e9s jusqu&rsquo;ici. C&rsquo;est gratuit, c&rsquo;est pour vous, si \u00e7a vous plait, il y a un lien \u00ab\u00a0Commande\u00a0\u00bb pas tr\u00e8s loin de l\u00e0 o\u00f9 vous avez cliqu\u00e9 si vous en voulez plus&#8230; Quelques exemples de nos diff\u00e9rents fichiers \u00e0 t\u00e9l\u00e9charger pour essayer en classe &#8212; Cliquez ici [&hellip;]<\/p>\n","protected":false},"author":1,"featured_media":0,"parent":0,"menu_order":1,"comment_status":"closed","ping_status":"closed","template":"","meta":{"footnotes":""},"class_list":["post-2","page","type-page","status-publish","hentry"],"_links":{"self":[{"href":"https:\/\/editions-hyperion.fr\/index.php\/wp-json\/wp\/v2\/pages\/2","targetHints":{"allow":["GET"]}}],"collection":[{"href":"https:\/\/editions-hyperion.fr\/index.php\/wp-json\/wp\/v2\/pages"}],"about":[{"href":"https:\/\/editions-hyperion.fr\/index.php\/wp-json\/wp\/v2\/types\/page"}],"author":[{"embeddable":true,"href":"https:\/\/editions-hyperion.fr\/index.php\/wp-json\/wp\/v2\/users\/1"}],"replies":[{"embeddable":true,"href":"https:\/\/editions-hyperion.fr\/index.php\/wp-json\/wp\/v2\/comments?post=2"}],"version-history":[{"count":22,"href":"https:\/\/editions-hyperion.fr\/index.php\/wp-json\/wp\/v2\/pages\/2\/revisions"}],"predecessor-version":[{"id":645,"href":"https:\/\/editions-hyperion.fr\/index.php\/wp-json\/wp\/v2\/pages\/2\/revisions\/645"}],"wp:attachment":[{"href":"https:\/\/editions-hyperion.fr\/index.php\/wp-json\/wp\/v2\/media?parent=2"}],"curies":[{"name":"wp","href":"https:\/\/api.w.org\/{rel}","templated":true}]}}