{"id":33,"date":"2025-12-06T16:08:07","date_gmt":"2025-12-06T16:08:07","guid":{"rendered":"http:\/\/editions-hyperion.fr\/?page_id=33"},"modified":"2026-02-13T16:20:07","modified_gmt":"2026-02-13T15:20:07","slug":"a-propos","status":"publish","type":"page","link":"https:\/\/editions-hyperion.fr\/index.php\/a-propos\/","title":{"rendered":"A propos \u2666"},"content":{"rendered":"\n<p>Editions Hyp\u00e9rion est une maison d&rsquo;\u00e9dition qui fournit des ressources p\u00e9dagogiques <strong>cl\u00e9 en main<\/strong> adapt\u00e9es <strong>aux \u00e9l\u00e8ves<\/strong> et au <strong>travail des enseignants<\/strong>.<\/p>\n\n\n\n<p>Elle a \u00e9t\u00e9 fond\u00e9e par des enseignants en poste depuis de nombreuses ann\u00e9es et qui sont toujours au quotidien devant leur classe.<\/p>\n\n\n\n<p><strong>Fort de notre connaissance des d\u00e9fis quotidiens auxquels font face les professeurs des \u00e9coles<\/strong>, nous avons voulu offrir des solutions concr\u00e8tes sous forme de rituels simples \u00e0 mettre en place et \u00e0 corriger collectivement ou par l&rsquo;enseignant(e).<\/p>\n\n\n\n<p>Les id\u00e9es de beaucoup de ce que nous vous proposons ici sont apparues pendant le confinement. Alors qu&rsquo;il \u00e9tait n\u00e9cessaire de faire travailler les \u00e9l\u00e8ves, en limitant les explications, les impressions tout en cr\u00e9ant un cadre s\u00e9curisant.<\/p>\n\n\n\n<p>Vous trouverez chez nous des documents qui rendent l&rsquo;\u00e9l\u00e8ve autonome avec un contrat de travail clair. De plus, nous soignons la forme pour que ces documents soient plaisants et qu&rsquo;ils cr\u00e9ent une \u00ab\u00a0culture commune\u00a0\u00bb au sein du groupe classe.<\/p>\n\n\n\n<p>En place depuis plusieurs ann\u00e9es dans plusieurs classes de CM1-CM2 nous avons constat\u00e9 le plaisir qu&rsquo;ont nos \u00e9l\u00e8ves \u00e0 d\u00e9couvrir (pour les CM1) ou \u00e0 retrouver (pour les CM2) une \u00ab\u00a0<em>grammaire myst\u00e8re<\/em>\u00a0\u00bb ou <em>une mitraillette<\/em>&#8230;<\/p>\n\n\n\n<p>En ce qui concerne les enseignants, nous avons con\u00e7u ces documents afin qu&rsquo;ils \u00e9conomisent leutemps (en minimisant les photocopies par exemple mais pas seulement) mais nous les avons voulu \u00e9galement le plus modulable possible afin que chacun puisse s&rsquo;y adapter et se les approprier.<\/p>\n\n\n\n<p>En d\u00e9but de matin\u00e9e ou \u00e0 autre moment de la journ\u00e9e, les rituels pr\u00e9sentent de nombreux avantages.&nbsp;<\/p>\n\n\n\n<ul class=\"wp-block-list\">\n<li>Lorsque les habitudes sont prises, ils permettent de gagner du temps dans la mise en oeuvre des activit\u00e9s cibl\u00e9es.<\/li>\n\n\n\n<li>Ils sont rassurants pour l&rsquo;\u00e9l\u00e8ve, qui sait ce que l&rsquo;on va faire, ce que l&rsquo;on attend de lui.<\/li>\n\n\n\n<li>La r\u00e9p\u00e9tition du type d&rsquo;activit\u00e9 en permet une meilleure compr\u00e9hension, notamment au niveau des consignes, de la chronologie des t\u00e2ches, des supports sollicit\u00e9s, et m\u00e8ne ainsi l&rsquo;\u00e9l\u00e8ve vers une plus grande autonomie.<\/li>\n\n\n\n<li>La r\u00e9p\u00e9tition des contenus rep\u00e9r\u00e9s, analys\u00e9s, classifi\u00e9s&#8230; dans une progression bien identifi\u00e9e et spiralaire permet une meilleure acquisition des comp\u00e9tences et un r\u00e9investissement plus pertinent.<\/li>\n\n\n\n<li>&#8230;<\/li>\n<\/ul>\n\n\n\n<hr class=\"wp-block-separator has-alpha-channel-opacity\"\/>\n\n\n\n<p>Nous esp\u00e9rons que notre travail vous plaira. Nous serions ravis d&rsquo;avoir de vos nouvelles ! N&rsquo;h\u00e9sitez pas \u00e0 nous contacter \u00e0 <a href=\"mailto:contact@adstellam.fr\">contact@\u00e9ditions-hyperion.fr<\/a> ou visitez notre <a href=\"https:\/\/editions-hyperion.fr\/index.php\/contact\/\">page de contact.<\/a><\/p>\n\n\n\n<p><\/p>\n","protected":false},"excerpt":{"rendered":"<p>Editions Hyp\u00e9rion est une maison d&rsquo;\u00e9dition qui fournit des ressources p\u00e9dagogiques cl\u00e9 en main adapt\u00e9es aux \u00e9l\u00e8ves et au travail des enseignants. Elle a \u00e9t\u00e9 fond\u00e9e par des enseignants en poste depuis de nombreuses ann\u00e9es et qui sont toujours au quotidien devant leur classe. Fort de notre connaissance des d\u00e9fis quotidiens auxquels font face les [&hellip;]<\/p>\n","protected":false},"author":1,"featured_media":0,"parent":0,"menu_order":2,"comment_status":"closed","ping_status":"closed","template":"","meta":{"footnotes":""},"class_list":["post-33","page","type-page","status-publish","hentry"],"_links":{"self":[{"href":"https:\/\/editions-hyperion.fr\/index.php\/wp-json\/wp\/v2\/pages\/33","targetHints":{"allow":["GET"]}}],"collection":[{"href":"https:\/\/editions-hyperion.fr\/index.php\/wp-json\/wp\/v2\/pages"}],"about":[{"href":"https:\/\/editions-hyperion.fr\/index.php\/wp-json\/wp\/v2\/types\/page"}],"author":[{"embeddable":true,"href":"https:\/\/editions-hyperion.fr\/index.php\/wp-json\/wp\/v2\/users\/1"}],"replies":[{"embeddable":true,"href":"https:\/\/editions-hyperion.fr\/index.php\/wp-json\/wp\/v2\/comments?post=33"}],"version-history":[{"count":13,"href":"https:\/\/editions-hyperion.fr\/index.php\/wp-json\/wp\/v2\/pages\/33\/revisions"}],"predecessor-version":[{"id":481,"href":"https:\/\/editions-hyperion.fr\/index.php\/wp-json\/wp\/v2\/pages\/33\/revisions\/481"}],"wp:attachment":[{"href":"https:\/\/editions-hyperion.fr\/index.php\/wp-json\/wp\/v2\/media?parent=33"}],"curies":[{"name":"wp","href":"https:\/\/api.w.org\/{rel}","templated":true}]}}