{"id":35,"date":"2025-12-06T16:08:29","date_gmt":"2025-12-06T16:08:29","guid":{"rendered":"http:\/\/editions-hyperion.fr\/?page_id=35"},"modified":"2026-02-14T11:08:22","modified_gmt":"2026-02-14T10:08:22","slug":"contact","status":"publish","type":"page","link":"https:\/\/editions-hyperion.fr\/index.php\/contact\/","title":{"rendered":"Contact \u2666"},"content":{"rendered":"\n<p>Nous serions ravis d&rsquo;avoir de vos nouvelles ! N&rsquo;h\u00e9sitez pas \u00e0 nous contacter pour toute demande d&rsquo;information.<\/p>\n\n\n\n<hr class=\"wp-block-separator has-alpha-channel-opacity\"\/>\n\n\n\n<h2 class=\"wp-block-heading\">Adresse<\/h2>\n\n\n\n<p>Editions Hyp\u00e9rion<\/p>\n\n\n\n<p>13 rue des \u00e9coles, 54300 Marainviller<\/p>\n\n\n\n<hr class=\"wp-block-separator has-alpha-channel-opacity\"\/>\n\n\n\n<h2 class=\"wp-block-heading\">Email<\/h2>\n\n\n\n<p><a href=\"mailto:contact@editions-hyperion.fr\">contact@editions-hyperion.fr<\/a><\/p>\n\n\n\n<hr class=\"wp-block-separator has-alpha-channel-opacity\"\/>\n\n\n\n<h2 class=\"wp-block-heading\">Aidez-nous \u00e0 parfaire nos produits<\/h2>\n\n\n\n<p>La perfection malheureusement n&rsquo;\u00e9tant pas de ce monde et malgr\u00e9 toute l&rsquo;attention que nous mettons \u00e0 cr\u00e9er et parfaire nos fichiers, il est possible que s&rsquo;y glissent des coquilles ou des erreurs.<\/p>\n\n\n\n<p>N&rsquo;h\u00e9sitez pas \u00e0 nous envoyer un mail pour le signaler, nous nous ferons un plaisir de corriger et bien s\u00fbr de vous renvoyer le fichier corrig\u00e9 (n&rsquo;oubliez pas de nous communiquer le nom de votre \u00e9cole&#8230;)<\/p>\n\n\n\n<p><\/p>\n","protected":false},"excerpt":{"rendered":"<p>Nous serions ravis d&rsquo;avoir de vos nouvelles ! N&rsquo;h\u00e9sitez pas \u00e0 nous contacter pour toute demande d&rsquo;information. Adresse Editions Hyp\u00e9rion 13 rue des \u00e9coles, 54300 Marainviller Email contact@editions-hyperion.fr Aidez-nous \u00e0 parfaire nos produits La perfection malheureusement n&rsquo;\u00e9tant pas de ce monde et malgr\u00e9 toute l&rsquo;attention que nous mettons \u00e0 cr\u00e9er et parfaire nos fichiers, il [&hellip;]<\/p>\n","protected":false},"author":1,"featured_media":0,"parent":0,"menu_order":3,"comment_status":"closed","ping_status":"closed","template":"","meta":{"footnotes":""},"class_list":["post-35","page","type-page","status-publish","hentry"],"_links":{"self":[{"href":"https:\/\/editions-hyperion.fr\/index.php\/wp-json\/wp\/v2\/pages\/35","targetHints":{"allow":["GET"]}}],"collection":[{"href":"https:\/\/editions-hyperion.fr\/index.php\/wp-json\/wp\/v2\/pages"}],"about":[{"href":"https:\/\/editions-hyperion.fr\/index.php\/wp-json\/wp\/v2\/types\/page"}],"author":[{"embeddable":true,"href":"https:\/\/editions-hyperion.fr\/index.php\/wp-json\/wp\/v2\/users\/1"}],"replies":[{"embeddable":true,"href":"https:\/\/editions-hyperion.fr\/index.php\/wp-json\/wp\/v2\/comments?post=35"}],"version-history":[{"count":8,"href":"https:\/\/editions-hyperion.fr\/index.php\/wp-json\/wp\/v2\/pages\/35\/revisions"}],"predecessor-version":[{"id":517,"href":"https:\/\/editions-hyperion.fr\/index.php\/wp-json\/wp\/v2\/pages\/35\/revisions\/517"}],"wp:attachment":[{"href":"https:\/\/editions-hyperion.fr\/index.php\/wp-json\/wp\/v2\/media?parent=35"}],"curies":[{"name":"wp","href":"https:\/\/api.w.org\/{rel}","templated":true}]}}