{"id":93,"date":"2025-12-10T11:42:01","date_gmt":"2025-12-10T11:42:01","guid":{"rendered":"https:\/\/editions-hyperion.fr\/?page_id=93"},"modified":"2026-03-25T18:14:12","modified_gmt":"2026-03-25T17:14:12","slug":"bienvenue","status":"publish","type":"page","link":"https:\/\/editions-hyperion.fr\/","title":{"rendered":"Bienvenue !"},"content":{"rendered":"\n<p>Nous vous souhaitons une bonne visite sur le site des \u00e9ditions Hyp\u00e9rion. Vous trouverez ici des fichiers d&rsquo;exercices en math\u00e9matiques et en fran\u00e7ais ainsi qu&rsquo;en lecture pour le cycle 3.<\/p>\n\n\n\n<p>Ces fichiers ont \u00e9t\u00e9 con\u00e7us pour des classes de <strong>CM1-CM2<\/strong> et sont utilis\u00e9s depuis plusieurs ann\u00e9es au sein de ces niveaux. Ils se pr\u00e9sentent sous la forme <strong><mark style=\"background-color:rgba(0, 0, 0, 0)\" class=\"has-inline-color has-vivid-red-color\">de fichiers pdf librement imprimables et photocopiables au sein de votre classe<\/mark><\/strong>.<\/p>\n\n\n\n<p>Fort de notre exp\u00e9rience, du ressenti de nos \u00e9l\u00e8ves et des r\u00e9sultats obtenus nous vous proposons aujourd&rsquo;hui de les acqu\u00e9rir.<\/p>\n\n\n\n<p>Ce sont pour beaucoup des <strong>activit\u00e9s rituelles<\/strong> qui sont \u00e0 mettre en place \u00e0 diff\u00e9rents moments de l&rsquo;ann\u00e9e, de la semaine (et de la journ\u00e9e), suivant votre progression et \/ ou le niveau de votre classe.<\/p>\n\n\n\n<p>Ces fichiers peuvent \u00eatre utilis\u00e9s pendant les 2 ans du Cours Moyen&#8230; Ils ont \u00e9t\u00e9 pens\u00e9s pour limiter les impressions et les photocopies, <strong>chaque page contenant l&rsquo;exercice pour plusieurs \u00e9l\u00e8ves<\/strong>.<\/p>\n\n\n\n<hr class=\"wp-block-separator has-alpha-channel-opacity\"\/>\n\n\n\n<div class=\"wp-block-group is-nowrap is-layout-flex wp-container-core-group-is-layout-6c531013 wp-block-group-is-layout-flex\">\n<figure class=\"wp-block-image size-full is-resized\"><img loading=\"lazy\" decoding=\"async\" width=\"565\" height=\"531\" src=\"https:\/\/editions-hyperion.fr\/wp-content\/uploads\/2025\/12\/megaphone.png\" alt=\"\" class=\"wp-image-318\" style=\"aspect-ratio:1.0640138548750544;width:117px;height:auto\" srcset=\"https:\/\/editions-hyperion.fr\/wp-content\/uploads\/2025\/12\/megaphone.png 565w, https:\/\/editions-hyperion.fr\/wp-content\/uploads\/2025\/12\/megaphone-300x282.png 300w\" sizes=\"auto, (max-width: 565px) 100vw, 565px\" \/><\/figure>\n\n\n\n<p><strong><mark style=\"background-color:rgba(0, 0, 0, 0)\" class=\"has-inline-color has-vivid-cyan-blue-color\">Si vous aimez nos fichiers, n&rsquo;h\u00e9sitez pas \u00e0 parler de nous autour de vous. Nous n&rsquo;avons pas de budget publicitaire. Nous n&rsquo;avons que la conviction que ce que nous proposons est efficace, utile et pourrait bien vous convenir&#8230;<\/mark><\/strong><\/p>\n\n\n\n<p><\/p>\n<\/div>\n\n\n\n<hr class=\"wp-block-separator has-alpha-channel-opacity\"\/>\n\n\n\n<p>Quelques pr\u00e9paratifs pour la p\u00e9riode 4 :<\/p>\n\n\n\n<figure class=\"wp-block-image size-large\"><img loading=\"lazy\" decoding=\"async\" width=\"1024\" height=\"768\" src=\"https:\/\/editions-hyperion.fr\/wp-content\/uploads\/2026\/02\/preparations-1024x768.jpg\" alt=\"\" class=\"wp-image-533\" srcset=\"https:\/\/editions-hyperion.fr\/wp-content\/uploads\/2026\/02\/preparations-1024x768.jpg 1024w, https:\/\/editions-hyperion.fr\/wp-content\/uploads\/2026\/02\/preparations-300x225.jpg 300w, https:\/\/editions-hyperion.fr\/wp-content\/uploads\/2026\/02\/preparations-768x576.jpg 768w, https:\/\/editions-hyperion.fr\/wp-content\/uploads\/2026\/02\/preparations-1536x1152.jpg 1536w, https:\/\/editions-hyperion.fr\/wp-content\/uploads\/2026\/02\/preparations-2048x1536.jpg 2048w\" sizes=\"auto, (max-width: 1024px) 100vw, 1024px\" \/><\/figure>\n\n\n\n<p><\/p>\n","protected":false},"excerpt":{"rendered":"<p>Nous vous souhaitons une bonne visite sur le site des \u00e9ditions Hyp\u00e9rion. Vous trouverez ici des fichiers d&rsquo;exercices en math\u00e9matiques et en fran\u00e7ais ainsi qu&rsquo;en lecture pour le cycle 3. Ces fichiers ont \u00e9t\u00e9 con\u00e7us pour des classes de CM1-CM2 et sont utilis\u00e9s depuis plusieurs ann\u00e9es au sein de ces niveaux. Ils se pr\u00e9sentent sous [&hellip;]<\/p>\n","protected":false},"author":1,"featured_media":0,"parent":0,"menu_order":0,"comment_status":"closed","ping_status":"closed","template":"","meta":{"footnotes":""},"class_list":["post-93","page","type-page","status-publish","hentry"],"_links":{"self":[{"href":"https:\/\/editions-hyperion.fr\/index.php\/wp-json\/wp\/v2\/pages\/93","targetHints":{"allow":["GET"]}}],"collection":[{"href":"https:\/\/editions-hyperion.fr\/index.php\/wp-json\/wp\/v2\/pages"}],"about":[{"href":"https:\/\/editions-hyperion.fr\/index.php\/wp-json\/wp\/v2\/types\/page"}],"author":[{"embeddable":true,"href":"https:\/\/editions-hyperion.fr\/index.php\/wp-json\/wp\/v2\/users\/1"}],"replies":[{"embeddable":true,"href":"https:\/\/editions-hyperion.fr\/index.php\/wp-json\/wp\/v2\/comments?post=93"}],"version-history":[{"count":21,"href":"https:\/\/editions-hyperion.fr\/index.php\/wp-json\/wp\/v2\/pages\/93\/revisions"}],"predecessor-version":[{"id":634,"href":"https:\/\/editions-hyperion.fr\/index.php\/wp-json\/wp\/v2\/pages\/93\/revisions\/634"}],"wp:attachment":[{"href":"https:\/\/editions-hyperion.fr\/index.php\/wp-json\/wp\/v2\/media?parent=93"}],"curies":[{"name":"wp","href":"https:\/\/api.w.org\/{rel}","templated":true}]}}